{"id":36,"date":"2011-06-05T14:55:27","date_gmt":"2011-06-05T12:55:27","guid":{"rendered":"http:\/\/localhost:8080\/wordpress\/?page_id=36"},"modified":"2011-08-09T22:01:55","modified_gmt":"2011-08-09T20:01:55","slug":"remedierende-materialen","status":"publish","type":"page","link":"https:\/\/www.cognitiefkapitaal.nl\/?page_id=36","title":{"rendered":"Remedi\u00ebrende programma&#8217;s"},"content":{"rendered":"<p><!-- \t\t@page { margin: 2cm } \t\tP { margin-bottom: 0.21cm } -->We hebben de volgende programma&#8217;s ontwikkeld:<\/p>\n<p>&nbsp;<\/p>\n<p><strong>Technisch lezen<\/strong><\/p>\n<ul>\n<li><em>Lees Interventie Programma.<\/em><\/li>\n<\/ul>\n<p>Dit programma <span style=\"font-family: Liberation Serif,serif;\"><span style=\"font-size: small;\">biedt instructie en uitgebreide oefenstof voor alle fasen in het technisch leesproces en voor de problemen die kinderen daarbij kunnen ondervinden. <\/span><\/span><\/p>\n<p><a href=\"http:\/\/www.remediering.nl\/Giralis\/upload\/File\/brochure%20LIP%20vernieuwd,%20feb2011.pdf\"><span style=\"font-family: Liberation Serif,serif;\"><span style=\"font-size: small;\">Klik hier voor een brochure met voorbeelden<\/span><\/span><\/a><\/p>\n<ul>\n<li><em><span style=\"font-family: Liberation Serif,serif;\"><span style=\"font-size: small;\">Interflits. <\/span><\/span><\/em><\/li>\n<\/ul>\n<p><span style=\"font-family: Liberation Serif,serif;\"><span style=\"font-size: small;\">Dit programma is een webbased flitsprogramma, <\/span><\/span><span style=\"font-family: Liberation Serif,serif;\"><span style=\"font-size: small;\">gericht op het automatiseren van die woordstructuren die kinderen via de instructie van het Lees Interventie Programma geleerd hebben. Via de unieke inlogcode kan een kind op ieder moment, zowel thuis als op school, inloggen en werken aan de automatisering van de woordherkenning.<\/span><\/span><\/p>\n<p><a href=\"http:\/\/www.remediering.nl\/Giralis\/upload\/File\/Brochure%20Interflits(2).pdf\"><span style=\"font-family: Liberation Serif,serif;\"><span style=\"font-size: small;\">Klik hier voor een brochure<\/span><\/span><\/a><\/p>\n<p><a href=\"http:\/\/epages.indicia.nl\/isroot\/Giralis\/Images\/products\/Interflits%20demo%203.wmv\"><span style=\"font-family: Liberation Serif,serif;\"><span style=\"font-size: small;\">Klik hier voor een demofilm<\/span><\/span><\/a><\/p>\n<p>&nbsp;<\/p>\n<p><strong><span style=\"font-family: Liberation Serif,serif;\"><span style=\"font-size: small;\">Begrijpend lezen<\/span><\/span><\/strong><\/p>\n<ul>\n<li><em><span style=\"font-family: Liberation Serif,serif;\"><span style=\"font-size: small;\">Remedi\u00ebrend Programma Begrijpend lezen. <\/span><\/span><\/em><\/li>\n<\/ul>\n<p><span style=\"font-family: Liberation Serif,serif;\"><span style=\"font-size: small;\">Dit<\/span><span style=\"font-size: small;\"> programma geeft de leerlingen inzicht in het proces van lezen en begrijpen van teksten. Het begrijpend lezen is opgedeeld in twee soorten strategie\u00ebn: de <\/span><span style=\"font-size: small;\">monitorstrategie\u00ebn <\/span><span style=\"font-size: small;\">en de <\/span><span style=\"font-size: small;\">specifieke strategie\u00ebn<\/span><span style=\"font-size: small;\">. Monitorstrategie\u00ebn zijn metacognitieve strategie\u00ebn, die het taakgedrag sturen. Specifieke strategie\u00ebn zijn gericht op een bepaalde vaardigheid binnen de taak begrijpend lezen met betrekking tot talige aspecten van de tekst. Deze twee soorten strategie\u00ebn bestaan uit een aantal deelstrategie\u00ebn, op te vatten als vaardigheden, die de leerlingen moeten beheersen om de betekenis of bedoeling van schriftelijke informatie te achterhalen. Naast de beheersing van deze deelvaardigheden is vooral de integratie van deze vaardigheden van belang bij het begrijpend lezen. Door een cyclische opbouw van het<\/span><span style=\"font-size: small;\"> programma wordt hieraan tegemoet gekomen.<\/span><\/span><\/p>\n<p><a href=\"http:\/\/www.remediering.nl\/Giralis\/upload\/File\/brochure%20Begrijpend%20Lezen%20dec10(2).pdf\"><span style=\"font-family: Liberation Serif,serif;\"><span style=\"font-size: small;\">Klik hier voor een brochure<\/span><\/span><\/a><\/p>\n<ul>\n<li><em><span style=\"font-family: Liberation Serif,serif;\"><span style=\"font-size: small;\">Begrijpend lezen VMBO. <\/span><\/span><\/em><\/li>\n<\/ul>\n<p><span style=\"font-family: Liberation Serif,serif;\"><span style=\"font-size: small;\">In dit programma worden strategie\u00ebn, die van belang zijn voor begrijpend lezen expliciet en ge\u00efsoleerd aangeboden. Door een cyclische opbouw van het programma blijven de strategie\u00ebn terugkomen in de daaropvolgende hoofdstukken. Hierdoor leren de leerlingen de verschillende strategie\u00ebn in een tekst toe te passen. Daarbij kunnen leerlingen ook gebruik maken van (geplastificeerde) strategiekaarten. Ieder hoofdstuk begint met de introductie van een strategie, gevolgd door directe instructie en oefening. Daarna komt er een aantal lessen met als doel generalisatie of flexibilisering van de opgedane kennis. Leerlingen moeten het geleerde nu op een breed gebied toepassen. In de lessen staan teksten die betrekking hebben op de latere beroepsuitoefening, maatschappelijk relevante onderwerpen en teksten die leerlingen bij het maken van huiswerk tegenkomen. Aan het eind van elk hoofdstuk komen \u00e9\u00e9n of meerdere lessen \u2018nog eens oefenen\u2019 of \u2018nog meer oefeningen\u2019 aan de orde. In deze lessen moeten alle tot dan toe aangeleerde strategie\u00ebn worden toegepast.<\/span><\/span><\/p>\n<p><a href=\"http:\/\/www.remediering.nl\/Giralis\/upload\/File\/BL%20Brochure.pdf\"><span style=\"font-family: Liberation Serif,serif;\"><span style=\"font-size: small;\">Klik hier voor een brochure<\/span><\/span><\/a><\/p>\n<p>&nbsp;<\/p>\n<p><strong><span style=\"font-family: Liberation Serif,serif;\"><span style=\"font-size: small;\">Spelling<\/span><\/span><\/strong><\/p>\n<ul>\n<li><em><span style=\"font-family: Liberation Serif,serif;\"><span style=\"font-size: small;\">Remedi\u00ebrend Spellingprgramma voor de bovenbouw en het VO. <\/span><\/span><\/em><\/li>\n<\/ul>\n<p><span style=\"font-family: Liberation Serif,serif;\"><span style=\"font-size: small;\">Dit programma<\/span><span style=\"font-size: small;\"> is een uitbreiding van de delen 1, 2 en 3 van het remedi\u00ebrend spellingprogramma van De Zuid-Vallei en bevat de spellingstof voor de bovenbouw van het basisonderwijs en de brugklas van het voortgezet onderwijs. Ook dit remedi\u00ebrende spellingdeel poogt de kenmerken van de spellingtaak af testemmen op de kenmerken van de slechte speller. De slechte speller wordt gekenmerkt door het niet zelf komen tot het ontdekken van regels, regelmatigheden en structureren in de spelling en het gebruik van verkeerde en\/of ontoereikende strategie\u00ebn. Daarom berust het remedi\u00ebrende programma op twee pijlers: het expliciet aanbieden en oefenen van de orthografische kennis en leerlingen leren planmatig en systematisch te werken tijdens de spellingtaak.<\/span><\/span><\/p>\n<p><a href=\"http:\/\/www.remediering.nl\/Giralis\/upload\/File\/brochure%20spelling%204,%20mei2011.pdf\"><span style=\"font-family: Liberation Serif,serif;\"><span style=\"font-size: small;\">Klik hier voor een brochure<\/span><\/span><\/a><\/p>\n<ul>\n<li><em><span style=\"font-family: Liberation Serif,serif;\"><span style=\"font-size: small;\">Werkwoordspelling. <\/span><\/span><\/em><\/li>\n<\/ul>\n<p><span style=\"font-family: Liberation Serif,serif;\"><span style=\"font-size: small;\">Het doel van het programma werkwoordspelling is kinderen inzicht geven in de materie van de werkwoordspelling door hen de benodigde kennis bij te brengen en hen deze kennis te leren hanteren aan de hand van vijf stappen en een schema.<\/span><\/span><\/p>\n<p><a href=\"http:\/\/www.remediering.nl\/Giralis\/upload\/File\/brochure%20ww%20spelling.pdf\"><span style=\"font-family: Liberation Serif,serif;\"><span style=\"font-size: small;\">Klik hier voor een brochure<\/span><\/span><\/a><\/p>\n<p><!-- \t\t@page { margin: 2cm } \t\tP { margin-bottom: 0.21cm } --><\/p>\n","protected":false},"excerpt":{"rendered":"<p>We hebben de volgende programma&#8217;s ontwikkeld: &nbsp; Technisch lezen Lees Interventie Programma. Dit programma biedt instructie en uitgebreide oefenstof voor alle fasen in het technisch leesproces en voor de problemen die kinderen daarbij kunnen ondervinden. Klik hier voor een brochure &hellip; <a href=\"https:\/\/www.cognitiefkapitaal.nl\/?page_id=36\">Verder lezen <span class=\"meta-nav\">&rarr;<\/span><\/a><\/p>\n","protected":false},"author":1,"featured_media":0,"parent":0,"menu_order":3,"comment_status":"closed","ping_status":"open","template":"","meta":{"footnotes":""},"class_list":["post-36","page","type-page","status-publish","hentry"],"_links":{"self":[{"href":"https:\/\/www.cognitiefkapitaal.nl\/index.php?rest_route=\/wp\/v2\/pages\/36","targetHints":{"allow":["GET"]}}],"collection":[{"href":"https:\/\/www.cognitiefkapitaal.nl\/index.php?rest_route=\/wp\/v2\/pages"}],"about":[{"href":"https:\/\/www.cognitiefkapitaal.nl\/index.php?rest_route=\/wp\/v2\/types\/page"}],"author":[{"embeddable":true,"href":"https:\/\/www.cognitiefkapitaal.nl\/index.php?rest_route=\/wp\/v2\/users\/1"}],"replies":[{"embeddable":true,"href":"https:\/\/www.cognitiefkapitaal.nl\/index.php?rest_route=%2Fwp%2Fv2%2Fcomments&post=36"}],"version-history":[{"count":9,"href":"https:\/\/www.cognitiefkapitaal.nl\/index.php?rest_route=\/wp\/v2\/pages\/36\/revisions"}],"predecessor-version":[{"id":86,"href":"https:\/\/www.cognitiefkapitaal.nl\/index.php?rest_route=\/wp\/v2\/pages\/36\/revisions\/86"}],"wp:attachment":[{"href":"https:\/\/www.cognitiefkapitaal.nl\/index.php?rest_route=%2Fwp%2Fv2%2Fmedia&parent=36"}],"curies":[{"name":"wp","href":"https:\/\/api.w.org\/{rel}","templated":true}]}}